{"id":288,"date":"2016-09-01T20:45:40","date_gmt":"2016-09-01T23:45:40","guid":{"rendered":"http:\/\/gilvander.org.br\/site\/?page_id=288"},"modified":"2020-07-31T18:44:27","modified_gmt":"2020-07-31T21:44:27","slug":"quem-e-frei-gilvander","status":"publish","type":"page","link":"https:\/\/gilvander.org.br\/site\/quem-e-frei-gilvander\/","title":{"rendered":"Quem \u00e9 frei Gilvander Moreira?"},"content":{"rendered":"<h2><strong>Quem \u00e9 Frei Gilvander Lu\u00eds Moreira?<\/strong><\/h2>\n<div class=\"abo\"><img loading=\"lazy\" decoding=\"async\" class=\"size-medium wp-image-7774 alignleft\" src=\"http:\/\/gilvander.org.br\/site\/wp-content\/uploads\/2020\/07\/1-267x300.png\" alt=\"\" width=\"267\" height=\"300\" srcset=\"https:\/\/gilvander.org.br\/site\/wp-content\/uploads\/2020\/07\/1-267x300.png 267w, https:\/\/gilvander.org.br\/site\/wp-content\/uploads\/2020\/07\/1.png 297w\" sizes=\"auto, (max-width: 267px) 100vw, 267px\" \/><\/div>\n<p><strong>Gilvander Lu\u00eds Moreira<\/strong> nasceu dia 02 de outubro de 1963 no s\u00edtio Pinda\u00edba, no pequeno munic\u00edpio de Rio Parana\u00edba, na regi\u00e3o de Alto Parana\u00edba, MG; \u00e9 frei e padre da Ordem dos Carmelitas.<\/p>\n<p><strong>Licenciatura <\/strong>e\u00a0<strong>Bacharelado em Filosofia<\/strong> pela Universidade Federal do Paran\u00e1, UFPR &#8211; 1.989.<br \/>Recebeu o Certificado do Coordenador do Curso de Filosofia por ter classificado-se em 1\u00ba lugar no curso de Filosofia, obtendo o coeficiente de rendimento de 899 pontos.<\/p>\n<p><strong>Bacharelado em Teologia<\/strong> pelo Instituto Teol\u00f3gico S\u00e3o Paulo (ITESP), filiado ao Pontif\u00edcio Ateneu Santo Anselmo de Roma, com m\u00e9dia de 9.1.<br \/>Autor da Monografia: <em>COMPAIX\u00c3O-MISERIC\u00d3RDIA, uma Espiritualidade que humaniza.<\/em> Nesta obteve a classifica\u00e7\u00e3o: &#8220;COM LOUVOR&#8221;.<br \/><strong>Mestrado em Exegese B\u00edblica pelo Pontif\u00edcio Instituto B\u00edblico de Roma<\/strong>, It\u00e1lia, com conclus\u00e3o em 10 de maio de 2000.<br \/>&#8211; Autor da Disserta\u00e7\u00e3o de mestrado <em>Exegese B\u00edblica sobre Lc 10,25-37: par\u00e1bola do bom Samaritano.<\/em><\/p>\n<ul>\n<li><strong>Doutor em Educa\u00e7\u00e3o na FAE\/UFMG<\/strong>, em 05\/5\/2017, com a Tese:\u00a0<strong>A LUTA PELA TERRA EM CONTEXTO DE INJUSTI\u00c7A AGR\u00c1RIA: PEDAGOGIA DE EMANCIPA\u00c7\u00c3O HUMANA? Experi\u00eancias de luta da CPT e do MST.\u00a0<\/strong>Aprovado Com Louvor e com Indica\u00e7\u00e3o para Publica\u00e7\u00e3o.<\/li>\n<\/ul>\n<p>Enquanto estudante de Teologia, foi Secret\u00e1rio Geral do Diret\u00f3rio Acad\u00eamico (D.A) do ITESP e membro do Conselho Superior do ITESP em 1.991.<\/p>\n<p>Foi, em 1.993, um dos redatores da <strong>Revista Mensageiro da Fam\u00edlia Carmelitana.<\/strong><br \/>Participa do trabalho pastoral com Comunidades Eclesiais de Base &#8211; CEBs &#8211; desde 1985: cinco anos na periferia de Curitiba, PR, na Vila Parolin; quatro anos na periferia de S\u00e3o Paulo, SP, em algumas favelas no Parque Novo Mundo, Zona Norte de S\u00e3o Paulo; nove anos em Belo Horizonte, na Vila Acaba Mundo, no Sion.<br \/>&#8211; \u00c9 Assessor b\u00edblico-teol\u00f3gico:<br \/>do CEBI\/MG (Centro Ecum\u00eanico de Estudos B\u00edblicos). Neste assessora muitos grupos de aprofundamento b\u00edblico, escolas b\u00edblicas, cursos de capacita\u00e7\u00e3o b\u00edblica, m\u00eas da B\u00edblia; In\u00edcio: 1994.<br \/>Da CPT\/MG (Comiss\u00e3o Pastoral da Terra). Nesta assessora a coordena\u00e7\u00e3o estadual, o Conselho Estadual, encontros de Forma\u00e7\u00e3o com lideran\u00e7as rurais, retiros, Romarias da Terra e das \u00c1guas, &#8230; In\u00edcio: 1994.<br \/>Das CEBs (Comunidades Eclesiais de Base), assessorando diversos encontros diocesanos e estaduais de CEBs. Integrou a Equipe de Forma\u00e7\u00e3o rumo ao XI Intereclesial das CEBs, em julho de 2005, na Diocese de Itabira-Coronel Fabriciano. Integrou a equipe de assessoria do XII e XIII Intereclesial das CEBs.<br \/>Foi assessor da CARMO V\u00cdDEO Produ\u00e7\u00f5es Ltda. Nesta ajudou na elabora\u00e7\u00e3o dos roteiros dos Filmes: a)<strong> PEDRA EM FLOR<\/strong>, sobre o M\u00e9todo de Leitura Popular da B\u00edblia; b) <strong>COMUNIDADE, F\u00c9 E B\u00cdBLIA<\/strong>, sobre a vida de uma Comunidade Eclesial de Base (CEB) alimentando-se da Palavra de Deus, na B\u00edblia e na Vida.<br \/>Integrou a equipe de Reda\u00e7\u00e3o do Livro:<strong> Nasce, vive e morre na Contram\u00e3o atrapalhando o S\u00e1bado<\/strong>, do CEBI\/MG para o m\u00eas da B\u00edblia de 1.995.<br \/>J\u00e1 escreveu e continua escrevendo artigos para Jornais e Revistas, tais como: Jornal PELEJANDO, da Comiss\u00e3o Pastoral da Terra de Minas Gerais, Jornal das CEBs de Governador Valadares, MG, e os jornais OPINI\u00c3O, FALA CALIF\u00d3RNIA, JORNAL NOROESTE, REVISTA ADOREMOS, Revista ECOLOGIA INTEGRAL, JORNAL TRIBUNA DO NOROESTE etc.<br \/>Foi Professor de Exegese e Teologia do Evangelho \u201cde\u201d Lucas e Atos dos Ap\u00f3stolos no Instituto Santo Tom\u00e1s de Aquino (ISTA), em Belo Horizonte, e no Semin\u00e1rio Maior de Mariana, MG; J\u00e1 lecionou sobre Evangelhos Sin\u00f3ticos e Atos dos Ap\u00f3stolos, Apocalipse e Cartas Cat\u00f3licas, Evangelho de Jo\u00e3o nos semin\u00e1rios teol\u00f3gicos de Diamantina, MG, Caratinga, MG e em Ilh\u00e9us, BA.<br \/>Coordenou o curso de Teologia do Instituto Santo Tom\u00e1s de Aquino (ISTA), de 21 de novembro de 2002 a julho de 2006.<br \/>Autor do livro <strong><em>COMPAIX\u00c3O-MISERIC\u00d3RDIA, uma espiritualidade que humaniza.<\/em><\/strong>\u00a0S\u00e3o Paulo: Paulinas, 1996; Este livro, ap\u00f3s revis\u00e3o e aprofundamento, foi publicado, em italiano, com o t\u00edtulo <strong><em>Dalla Compassione alla Miseric\u00f3rdia. Citt\u00e0 Del Vaticano:<\/em><\/strong>\u00a0Libreria Editrice Vaticana, Cole\u00e7\u00e3o Spiritualit\u00e0 32, 2003.<br \/>Autor do livro <strong><em>Lucas-Atos: Teologia da Hist\u00f3ria.\u00a0<\/em><\/strong>S\u00e3o Paulo: Paulinas, 2004.<\/p>\n<p>Organizador e co-autor do livro. <strong>Dom Cappio: rio e povo. Frei Luiz, um profeta na luta em defesa da vida do rio S\u00e3o Francisco e do seu Povo. Transposi\u00e7\u00e3o, n\u00e3o!.<\/strong> S\u00e3o Leopoldo, RS: CEBI, 2008a.<br \/>Autor da cartilha <strong><em>Desafios de ser Crist\u00e3o em Tempos de Exclus\u00e3o. <\/em><\/strong>Ipatinga, MG:\u00a0Curso de Inverno IV, 2001.<br \/>Autor da cartilha <strong><em>Desafios de ser Igreja no Novo Mil\u00eanio, Resgatando a identidade das CEBs. <\/em><\/strong>Governador Valadares, MG:\u00a07\u00ba Encontro Diocesano das CEBs, 2002.<br \/>Co-autor do livro <strong><em>O Esp\u00edrito de Jesus rompe as barreiras, os v\u00e1rios &#8220;rostos&#8221; do cristianismo segundo Atos dos Ap\u00f3stolos<\/em><\/strong> (1-15). S\u00e3o Leopoldo, RS: CEBI-MG, Cole\u00e7\u00e3o A Palavra na Vida, 158\/159, 2001;<br \/>Co-autor do livro <strong><em>Barreiras vencidas! Portas abertas! Atos dos Ap\u00f3stolos (16-28) e Atos que os Atos n\u00e3o contam. <\/em><\/strong>S\u00e3o Leopoldo, RS:\u00a0CEBI-MG, Cole\u00e7\u00e3o A Palavra na Vida, 169\/170, 2002;<br \/>Co-autor do livro <strong><em>Esperan\u00e7a a toda prova, uma leitura da Primeira Carta de Pedro.\u00a0<\/em><\/strong>S\u00e3o Leopoldo: CEBI, 2003.<br \/>Co-autor do livro <strong><em>Profecia, carinho e luta: uma leitura de Oseias<\/em><\/strong>, Cole\u00e7\u00e3o A Palavra na Vida. S\u00e3o Leopoldo, RS: CEBI, 210\/211, 2005.<br \/>Co-autor do livro <strong><em>O Povo sabe das coisas, Eclesiastes ilumina o trabalho, a vida e a religi\u00e3o do povo<\/em><\/strong>, S\u00e3o Leopoldo, RS: CEBI, 2006.<br \/>Co-autor do livro <strong><em>Cria\u00e7\u00e3o de um outro mundo (G\u00eanesis 1-11).<\/em><\/strong>\u00a0S\u00e3o Leopoldo, RS: CEBI, 2007.<\/p>\n<p>Co-autor do livro<strong> Recriar o caminho com as Comunidades de Lucas, uma leitura do Evangelho de Lucas feita pelo CEBI-MG<\/strong>. S\u00e3o Leopoldo: CEBI, 2013b.<\/p>\n<p>Co-autor do livro<strong> Amar sem limites, nas trilhas das comunidades do Disc\u00edpulo Amado<\/strong>. S\u00e3o Leopoldo: CEBI, p. 50-65, 2015b.<\/p>\n<p>Co-autor do livro<strong> Em tempos dif\u00edceis, o profeta Miqueias aponta sa\u00eddas: uma leitura do livro de Miqueias feita pelo CEBI-MG. <\/strong>S\u00e3o Leopoldo,RS: CEBI, p. 37-42, 2016c.<\/p>\n<p>Co-autor do livro<strong> Comunidade de Tessal\u00f4nica: <\/strong><strong>Fermento do Reino na grande Cidade &#8211; <\/strong><strong>Uma leitura da <\/strong><strong>1\u00aa Carta aos Tessalonicenses <\/strong><strong>feita pelo CEBI-MG. <\/strong>S\u00e3o Leopoldo, RS: CEBI, 2017.<\/p>\n<p>Co-autor do\u00a0 Livro<strong> Livro da Sabedoria: <\/strong><strong>Chave de Ouro, encerrando a 1\u00aa Alian\u00e7a. <\/strong><strong>Uma leitura do <\/strong><strong><em>Livro da Sabedoria <\/em><\/strong><strong>feita pelo CEBI-MG. <\/strong>S\u00e3o Leopoldo, RS: CEBI, 2018.<\/p>\n<p>Co-autor do livro<strong> A Comunh\u00e3o entre Deus e N\u00f3s: <\/strong><strong>Uma leitura da <\/strong><strong><em>Primeira Carta de Jo\u00e3o <\/em><\/strong><strong>feita pelo CEBI-MG. <\/strong>S\u00e3o Leopoldo, RS: CEBI, 2019.<\/p>\n<p>Endere\u00e7o para acessar o Curr\u00edculo lattes de Gilvander Lu\u00eds Moreira:\u00a0<a tabindex=\"210\" title=\"Endere\u00e7o para acessar este CV:\" href=\"https:\/\/wwws.cnpq.br\/cvlattesweb\/PKG_MENU.menu?f_cod=DF96B8ECF9D136BBE129D2458AF9004E#\"><b>http:\/\/lattes.cnpq.br\/0480414850993269<\/b><\/a><\/p>\n<p><strong>Obs<\/strong>. 1: Frei Gilvander publica semanalmente em v\u00e1rios sites e blogs h\u00e1 muitos anos um pequeno texto que pode ser encontrado aqui no site www.gilvander.org.br<\/p>\n<p><strong>Obs<\/strong>. 2: Frei Gilvander produz, edita e publica v\u00eddeos para fomentar lutas por direitos sociais, v\u00eddeos que podem ser encontrados no You Tube no Canal: Frei Gilvander e a luta pela terra e por direitos.<\/p>\n\n\n<p><\/p>\n","protected":false},"excerpt":{"rendered":"<p>Quem \u00e9 Frei Gilvander Lu\u00eds Moreira? Gilvander Lu\u00eds Moreira nasceu dia 02 de outubro de 1963 no s\u00edtio Pinda\u00edba, no pequeno munic\u00edpio de Rio Parana\u00edba, na regi\u00e3o de Alto Parana\u00edba, MG; \u00e9 frei e padre<\/p>\n","protected":false},"author":1,"featured_media":7774,"parent":0,"menu_order":0,"comment_status":"closed","ping_status":"closed","template":"","meta":{"footnotes":""},"class_list":["post-288","page","type-page","status-publish","has-post-thumbnail","hentry"],"_links":{"self":[{"href":"https:\/\/gilvander.org.br\/site\/wp-json\/wp\/v2\/pages\/288","targetHints":{"allow":["GET"]}}],"collection":[{"href":"https:\/\/gilvander.org.br\/site\/wp-json\/wp\/v2\/pages"}],"about":[{"href":"https:\/\/gilvander.org.br\/site\/wp-json\/wp\/v2\/types\/page"}],"author":[{"embeddable":true,"href":"https:\/\/gilvander.org.br\/site\/wp-json\/wp\/v2\/users\/1"}],"replies":[{"embeddable":true,"href":"https:\/\/gilvander.org.br\/site\/wp-json\/wp\/v2\/comments?post=288"}],"version-history":[{"count":8,"href":"https:\/\/gilvander.org.br\/site\/wp-json\/wp\/v2\/pages\/288\/revisions"}],"predecessor-version":[{"id":7775,"href":"https:\/\/gilvander.org.br\/site\/wp-json\/wp\/v2\/pages\/288\/revisions\/7775"}],"wp:featuredmedia":[{"embeddable":true,"href":"https:\/\/gilvander.org.br\/site\/wp-json\/wp\/v2\/media\/7774"}],"wp:attachment":[{"href":"https:\/\/gilvander.org.br\/site\/wp-json\/wp\/v2\/media?parent=288"}],"curies":[{"name":"wp","href":"https:\/\/api.w.org\/{rel}","templated":true}]}}